{"id":4356,"date":"2023-11-26T04:02:38","date_gmt":"2023-11-26T03:02:38","guid":{"rendered":"https:\/\/merveillesdalgerie.com\/?page_id=4356"},"modified":"2023-11-26T04:14:07","modified_gmt":"2023-11-26T03:14:07","slug":"politique-de-confidentialite","status":"publish","type":"page","link":"https:\/\/merveillesdalgerie.com\/en\/politique-de-confidentialite\/","title":{"rendered":"Politique De Confidentialite"},"content":{"rendered":"<h5><b>IDENTIT\u00c9 ET H\u00c9BERGEMENT\u00a0<\/b><\/h5>\n<p><em>Nom du site web :<\/em>\u00a0MERVEILLE D&rsquo;ALGERIE<\/p>\n<p><em>Adresse :<\/em>\u00a0https:\/\/merveillesdalgerie.com\/\u00a0<\/p>\n<p><em>Responsable de publication :<\/em>\u00a0MERVEILLE D&rsquo;ALGERIE<\/p>\n<p><em>H\u00e9bergement :<\/em>\u00a0&#8230;&#8230;&#8230;<\/p>\n<h5>PERSONNE MORALE\u00a0<\/h5>\n<p>MERVEILLE D&rsquo;ALGERIE\u2013 Entreprise individuelle au capital de&#8230;&#8230;. \u2013 RCS sous le num\u00e9ro &#8230;&#8230;.. \u2013 rue du\u00a0Rue Benjamin-Franklin 2, 1201. Gen\u00e8ve\u00a0<\/p>\n<p>\u00a0<\/p>\n<h5><b>POLITIQUE DE CONFIDENTIALIT\u00c9<\/b><\/h5>\n<p>\u00a0<\/p>\n<h6><b><i>Article 1 : Pr\u00e9ambule<\/i><\/b><\/h6>\n<p>Cette politique de confidentialit\u00e9 compl\u00e8te les mentions l\u00e9gales et les Conditions G\u00e9n\u00e9rales de Vente que les utilisateurs peuvent consulter \u00e0 l\u2019adresse ci-apr\u00e8s :\u00a0<a href=\"https:\/\/merveillesdalgerie.com\/en\/condition-generales-de-vente\/\" target=\"_blank\" rel=\"noopener\">https:\/\/merveillesdalgerie.com\/condition-generales-de-vente<\/a>\/.\u00a0<\/p>\n<p>Elle d\u00e9crit les principes que le site\u00a0MERVEILLE D&rsquo;ALGERIE\u00a0respecte lors de la collecte, du traitement et de la conservation de vos donn\u00e9es personnelles et les garanties de vos droits sur ces donn\u00e9es (confidentialit\u00e9, acc\u00e8s, s\u00e9curit\u00e9) :<\/p>\n<ul>\n<li aria-level=\"1\">\n<p>Qui est responsable du traitement de vos donn\u00e9es ?<\/p>\n<\/li>\n<li aria-level=\"1\">\n<p>Quelles donn\u00e9es collectons-nous et comment les traitons-nous ?<\/p>\n<\/li>\n<li aria-level=\"1\">\n<p>A qui sont destin\u00e9es vos donn\u00e9es ?<\/p>\n<\/li>\n<li aria-level=\"1\">\n<p>Quels sont vos droits ?<\/p>\n<\/li>\n<li aria-level=\"1\">\n<p>Notre gestion des cookies<\/p>\n<\/li>\n<\/ul>\n<p>Afin d\u2019\u00eatre licites, et ce conform\u00e9ment aux exigences de l\u2019article 6 du r\u00e8glement europ\u00e9en 2016\/679, la collecte et le traitement des donn\u00e9es \u00e0 caract\u00e8re personnel ne pourront intervenir que s\u2019ils respectent au moins l\u2019une des conditions ci-apr\u00e8s \u00e9num\u00e9r\u00e9es :<\/p>\n<ul>\n<li aria-level=\"1\">\n<p>L\u2019utilisateur a express\u00e9ment consenti au traitement ;<\/p>\n<\/li>\n<li aria-level=\"1\">\n<p>Le traitement est n\u00e9cessaire \u00e0 la bonne ex\u00e9cution d\u2019un contrat ;<\/p>\n<\/li>\n<li aria-level=\"1\">\n<p>Le traitement r\u00e9pond \u00e0 une obligation l\u00e9gale ;<\/p>\n<\/li>\n<li aria-level=\"1\">\n<p>Le traitement s\u2019explique par une n\u00e9cessit\u00e9 li\u00e9e \u00e0 la sauvegarde des int\u00e9r\u00eats vitaux de la personne concern\u00e9e ou d\u2019une autre personne physique ;<\/p>\n<\/li>\n<li aria-level=\"1\">\n<p>Le traitement peut s\u2019expliquer par une n\u00e9cessit\u00e9 li\u00e9e \u00e0 l\u2019ex\u00e9cution d\u2019une mission d\u2019int\u00e9r\u00eat public ou qui rel\u00e8ve de l\u2019exercice de l\u2019autorit\u00e9 publique ;<\/p>\n<\/li>\n<li aria-level=\"1\">\n<p>Le traitement et la collecte des donn\u00e9es \u00e0 caract\u00e8re personnel sont n\u00e9cessaires aux fins des int\u00e9r\u00eats l\u00e9gitimes et priv\u00e9s poursuivis par le responsable du traitement ou par un tiers.<\/p>\n<\/li>\n<\/ul>\n<h5><b>Article 2 : Quelles donn\u00e9es sont-elles collect\u00e9es et comment sont-elles trait\u00e9es ?<\/b><\/h5>\n<p>Lors d\u2019une cr\u00e9ation de compte, des donn\u00e9es sont collect\u00e9es afin que vous puissiez acc\u00e9der \u00e0 votre espace personnel, sauvegarder vos produits favoris, g\u00e9rer vos commandes et ajouter ou modifier vos informations personnelles. Les donn\u00e9es collect\u00e9es \u00e0 la cr\u00e9ation d\u2019un compte client sont le nom, le pr\u00e9nom et l\u2019adresse email.<\/p>\n<p>Une commande peut \u00eatre effectu\u00e9e avec ou sans cr\u00e9ation de compte personnel. Les donn\u00e9es relatives \u00e0 l\u2019adresse de livraison et de facturation sont collect\u00e9es ainsi que l\u2019adresse email et le num\u00e9ro de t\u00e9l\u00e9phone du client pour garantir la bonne livraison de l\u2019article.\u00a0\u00a0<\/p>\n<p>Ces donn\u00e9es permettent le bon traitement et le bon suivi de la commande pass\u00e9e et seront sauvegard\u00e9es 9 mois afin de laisser \u00e0 l\u2019utilisateur la possibilit\u00e9 de suivre son historique de commandes et de recommander des articles d\u00e9j\u00e0 achet\u00e9s.\u00a0\u00a0<\/p>\n<p>Par ailleurs, lors d\u2019un paiement sur le site, il sera conserv\u00e9 dans les syst\u00e8mes informatiques de l\u2019\u00e9diteur du site une preuve de la transaction comprenant le bon de commande et la facture.<\/p>\n<p>Apr\u00e8s chaque confirmation de commande, une preuve de la transaction comprenant le bon de commande et la facture est conserv\u00e9e dans les syst\u00e8mes informatiques pour prot\u00e9ger les utilisateurs.<\/p>\n<p>Le responsable du traitement conservera dans ses syst\u00e8mes informatiques du site et dans des conditions raisonnables de s\u00e9curit\u00e9 l\u2019ensemble des donn\u00e9es collect\u00e9es pour une dur\u00e9e de : 9 mois maximum.<\/p>\n<h6><em><b>Transmission des donn\u00e9es \u00e0 un tiers<\/b><\/em><\/h6>\n<p>Les donn\u00e9es peuvent \u00eatre transmises au(x) tiers ci-apr\u00e8s \u00e9num\u00e9r\u00e9(s) :<\/p>\n<p>Pour le paiement des commandes : Stripe et Paypal<\/p>\n<p>Pour l\u2019analyse du fonctionnement du site : Google Analytics<\/p>\n<h6><em><b>H\u00e9bergement des donn\u00e9es<\/b><\/em><\/h6>\n<p>Le site\u00a0MERVEILLE D&rsquo;ALGERIE\u00a0est h\u00e9berg\u00e9 par &#8230;&#8230;&#8230;&#8230;., dont le si\u00e8ge se situe \u00e0 &#8230;&#8230;&#8230;&#8230;&#8230;\u00a0<\/p>\n<p>\u00a0<\/p>\n<h5><b>Article 3 : Qui est responsable du traitement de vos donn\u00e9es ?<\/b><\/h5>\n<p>La soci\u00e9t\u00e9\u00a0MERVEILLE D&rsquo;ALGERIE, entreprise individuelle dont le si\u00e8ge social est situ\u00e9 Rue Benjamin-Franklin 2, 1201. Gen\u00e8ve, et immatricul\u00e9e au Registre du Commerce et des Soci\u00e9t\u00e9s sous le num\u00e9ro &#8230;&#8230;&#8230;&#8230;., est le responsable du traitement des donn\u00e9es personnelles collect\u00e9es sur le site\u00a0<a href=\"https:\/\/merveillesdalgerie.com\/en\/\">https:\/\/merveillesdalgerie.com\/<\/a>.<\/p>\n<p>Le responsable du traitement des donn\u00e9es est charg\u00e9 de d\u00e9terminer les finalit\u00e9s et les moyens mis au service du traitement des donn\u00e9es \u00e0 caract\u00e8re personnel. Ces donn\u00e9es permettent le bon traitement et le bon suivi de la commande pass\u00e9e ainsi que l\u2019alimentation de la base de contacts.<\/p>\n<p>Le responsable du traitement s\u2019engage \u00e0 prot\u00e9ger les donn\u00e9es \u00e0 caract\u00e8re personnel collect\u00e9es, \u00e0 ne pas les transmettre \u00e0 des tiers sans que l\u2019utilisateur n\u2019en ait \u00e9t\u00e9 inform\u00e9 et \u00e0 respecter les finalit\u00e9s pour lesquelles ces donn\u00e9es ont \u00e9t\u00e9 collect\u00e9es.<\/p>\n<p>Le site dispose d\u2019un certificat SSL afin de garantir que les informations et le transfert des donn\u00e9es transitant par le site sont s\u00e9curis\u00e9s.<\/p>\n<p>Un certificat SSL (\u201cSecure Socket Layer\u201d Certificate) a pour but de s\u00e9curiser les donn\u00e9es \u00e9chang\u00e9es entre l\u2019utilisateur et le site.<\/p>\n<p>De plus, le responsable du traitement des donn\u00e9es s\u2019engage \u00e0 notifier l\u2019utilisateur en cas de rectification ou de suppression des donn\u00e9es, \u00e0 moins que cela n\u2019entra\u00eene pour lui des formalit\u00e9s, co\u00fbts et d\u00e9marches disproportionn\u00e9s.<\/p>\n<p>Dans le cas o\u00f9 l\u2019int\u00e9grit\u00e9, la confidentialit\u00e9 ou la s\u00e9curit\u00e9 des donn\u00e9es \u00e0 caract\u00e8re personnel de l\u2019utilisateur est compromise, le responsable du traitement s\u2019engage \u00e0 informer l\u2019utilisateur par tout moyen.<\/p>\n<p>\u00a0<\/p>\n<h5><b>Article 4 : Quels sont vos droits ?<\/b><\/h5>\n<p>Conform\u00e9ment \u00e0 la r\u00e9glementation concernant le traitement des donn\u00e9es \u00e0 caract\u00e8re personnel, l\u2019utilisateur poss\u00e8de les droits ci-apr\u00e8s \u00e9num\u00e9r\u00e9s.<\/p>\n<p>Afin que le responsable du traitement des donn\u00e9es fasse droit \u00e0 sa demande, l\u2019utilisateur est tenu de lui communiquer : ses pr\u00e9nom et nom ainsi que son adresse e-mail.<\/p>\n<p>Le responsable du traitement des donn\u00e9es est tenu de r\u00e9pondre \u00e0 l\u2019utilisateur dans un d\u00e9lai de 30 (trente) jours maximum.<\/p>\n<h6><em><b>a. Droit d\u2019acc\u00e8s, de rectification et droit \u00e0 l\u2019effacement<\/b><\/em><\/h6>\n<p>L\u2019utilisateur peut prendre connaissance, mettre \u00e0 jour, modifier ou demander la suppression des donn\u00e9es le concernant, en respectant la proc\u00e9dure ci-apr\u00e8s \u00e9nonc\u00e9e :<\/p>\n<p>L\u2019utilisateur doit envoyer un e-mail sur l\u2019adresse &#8230;&#8230;&#8230;&#8230;&#8230;&#8230;&#8230;..<\/p>\n<p>S\u2019il en poss\u00e8de un, l\u2019utilisateur a le droit de demander la suppression de son espace personnel en suivant la proc\u00e9dure suivante :<\/p>\n<p>L\u2019utilisateur doit envoyer un e-mail \u00e0 l\u2019adresse suivante :&#8230;&#8230;&#8230;&#8230;&#8230;&#8230;&#8230;&#8230;&#8230;&#8230;&#8230;&#8230;&#8230;<\/p>\n<h6><em><b>b. Droit \u00e0 la portabilit\u00e9 des donn\u00e9es<\/b><\/em><\/h6>\n<p>L\u2019utilisateur a le droit de demander la portabilit\u00e9 de ses donn\u00e9es personnelles, d\u00e9tenues par le site, vers un autre site, en se conformant \u00e0 la proc\u00e9dure ci-apr\u00e8s :<\/p>\n<p>L\u2019utilisateur doit envoyer un mail \u00e0 l\u2019adresse suivante : &#8230;&#8230;&#8230;&#8230;&#8230;&#8230;..<\/p>\n<h6><em><b>c. Droit \u00e0 la limitation et \u00e0 l\u2019opposition du traitement des donn\u00e9es<\/b><\/em><\/h6>\n<p>L\u2019utilisateur a le droit de demander la limitation ou de s\u2019opposer au traitement de ses donn\u00e9es par le site, sans que le site ne puisse refuser, sauf \u00e0 d\u00e9montrer l\u2019existence de motifs l\u00e9gitimes et imp\u00e9rieux, pouvant pr\u00e9valoir sur les int\u00e9r\u00eats et les droits et libert\u00e9s de l\u2019utilisateur.<\/p>\n<p>Afin de demander la limitation du traitement de ses donn\u00e9es ou de formuler une opposition au traitement de ses donn\u00e9es, l\u2019utilisateur doit suivre la proc\u00e9dure suivante :<\/p>\n<p>L\u2019utilisateur doit envoyer un e-mail \u00e0 l\u2019adresse suivante : &#8230;&#8230;&#8230;&#8230;&#8230;&#8230;&#8230;&#8230;&#8230;.<\/p>\n<h6><em><b>d. Droit de ne pas faire l\u2019objet d\u2019une d\u00e9cision fond\u00e9e exclusivement sur un proc\u00e9d\u00e9 automatis\u00e9<\/b><\/em><\/h6>\n<p>Conform\u00e9ment aux dispositions du r\u00e8glement 2016\/679, l\u2019utilisateur a le droit de ne pas faire l\u2019objet d\u2019une d\u00e9cision fond\u00e9e exclusivement sur un proc\u00e9d\u00e9 automatis\u00e9 si la d\u00e9cision produit des effets juridiques le concernant, ou l\u2019affecte de mani\u00e8re significative de fa\u00e7on similaire.<\/p>\n<h6><em><b>e. Droit de d\u00e9terminer le sort des donn\u00e9es apr\u00e8s la mort<\/b><\/em><\/h6>\n<p>Il est rappel\u00e9 \u00e0 l\u2019utilisateur qu\u2019il peut organiser quel doit \u00eatre le devenir de ses donn\u00e9es collect\u00e9es et trait\u00e9es s\u2019il d\u00e9c\u00e8de, conform\u00e9ment \u00e0 la loi n\u00b02016-1321 du 7 octobre 2016.<\/p>\n<h6><em><b>f. Droit de saisir l\u2019autorit\u00e9 de contr\u00f4le comp\u00e9tente<\/b><\/em><\/h6>\n<p>Dans le cas o\u00f9 le responsable du traitement des donn\u00e9es, d\u00e9cide de ne pas r\u00e9pondre \u00e0 la demande de l\u2019utilisateur, et que l\u2019utilisateur souhaite contester cette d\u00e9cision, ou, s\u2019il pense qu\u2019il est port\u00e9 atteinte \u00e0 l\u2019un des droits \u00e9num\u00e9r\u00e9s ci-dessus, il est en droit de saisir la CNIL (Commission Nationale de l\u2019Informatique et des Libert\u00e9s, https:\/\/www.cnil.fr) ou tout juge comp\u00e9tent.<\/p>\n<h6><em><b>g. Donn\u00e9es personnelles des personnes mineures<\/b><\/em><\/h6>\n<p>Conform\u00e9ment aux dispositions de l\u2019article 8 du r\u00e8glement europ\u00e9en 2016\/679 et \u00e0 la loi Informatique et Libert\u00e9s, seuls les mineurs \u00e2g\u00e9s de 15 ans ou plus peuvent consentir au traitement de leurs donn\u00e9es personnelles.<\/p>\n<p>Si l\u2019utilisateur est un mineur de moins de 15 ans, l\u2019accord d\u2019un repr\u00e9sentant l\u00e9gal sera requis afin que des donn\u00e9es \u00e0 caract\u00e8re personnel puissent \u00eatre collect\u00e9es et trait\u00e9es.<\/p>\n<p>L\u2019\u00e9diteur du site se r\u00e9serve le droit de v\u00e9rifier par tout moyen que l\u2019utilisateur est \u00e2g\u00e9 de plus de 15 ans, ou qu\u2019il aura obtenu l\u2019accord d\u2019un repr\u00e9sentant l\u00e9gal avant de naviguer sur le site.<\/p>\n<p>\u00a0<\/p>\n<h6><em><b>Article 5 : Notre gestion des cookies<\/b><\/em><\/h6>\n<p>Le site a recours aux techniques de \u201ccookies\u201d.<\/p>\n<p>Un cookie est un fichier de petite taille (moins de 4 ko), stock\u00e9 par le site sur le disque dur de l\u2019utilisateur, contenant des informations relatives aux habitudes de navigation de l\u2019utilisateur.<\/p>\n<p>Ces fichiers lui permettent de traiter des statistiques et des informations sur le trafic, de faciliter la navigation et d\u2019am\u00e9liorer le service pour le confort de l\u2019utilisateur.<\/p>\n<p>Pour l\u2019utilisation de fichiers \u201ccookies\u201d impliquant la sauvegarde et l\u2019analyse de donn\u00e9es \u00e0 caract\u00e8re personnel, le consentement de l\u2019utilisateur est n\u00e9cessairement demand\u00e9.<\/p>\n<p>Ce consentement de l\u2019utilisateur est consid\u00e9r\u00e9 comme valide pour une dur\u00e9e de 12 mois maximum. A l\u2019issue de cette p\u00e9riode, le site demandera \u00e0 nouveau l\u2019autorisation de l\u2019utilisateur pour enregistrer des fichiers \u201ccookies\u201d sur son disque dur.<\/p>\n<h6><em><b>a. Opposition de l\u2019utilisateur \u00e0 l\u2019utilisation de fichiers \u201ccookies\u201d par le site<\/b><\/em><\/h6>\n<p>Il est port\u00e9 \u00e0 la connaissance de l\u2019utilisateur qu\u2019il peut s\u2019opposer \u00e0 l\u2019enregistrement de ces fichiers \u201ccookies\u201d en configurant son logiciel de navigation.<\/p>\n<p>Dans le cas o\u00f9 l\u2019utilisateur d\u00e9cide de d\u00e9sactiver les fichiers \u201ccookies\u201d, il pourra poursuivre sa navigation sur le site. Toutefois, tout dysfonctionnement du site provoqu\u00e9 par cette manipulation ne pourrait \u00eatre consid\u00e9r\u00e9 comme \u00e9tant du fait de l\u2019\u00e9diteur du site.<\/p>\n<h6><em><b>b. Description des fichiers \u201ccookies\u201d utilis\u00e9s par le site<\/b><\/em><\/h6>\n<p>Nous utilisons des fichiers cookies afin de faciliter la navigation et l\u2019exp\u00e9rience de l\u2019utilisateur sur notre site :<\/p>\n<p>Un fichier cookie v\u00e9rifie que le navigateur de l\u2019utilisateur accepte l\u2019utilisation des cookies.<\/p>\n<p>Le cookie de la personnalisation permet de sauvegarder temporairement une personnalisation interrompue.<\/p>\n<p>Les cookies permettent de sauvegarder temporairement le contenu du panier.<\/p>\n<p>Un cookie de cheminement permet de m\u00e9moriser la derni\u00e8re cat\u00e9gorie de produits visit\u00e9e et ce afin de permettre un retour en arri\u00e8re \u00e0 partir d\u2019une fiche produit.<\/p>\n<p>\u00a0<\/p>\n<h6><em><b>Article 6 : Conditions de modification<\/b><\/em><\/h6>\n<p>L\u2019\u00e9diteur du site se r\u00e9serve le droit de la modifier afin de garantir sa conformit\u00e9 avec le droit en vigueur.<\/p>\n<p>Par cons\u00e9quent, l\u2019utilisateur est invit\u00e9 \u00e0 venir consulter r\u00e9guli\u00e8rement cette politique de confidentialit\u00e9 afin de se tenir inform\u00e9 des derniers changements qui lui seront apport\u00e9s.<\/p>\n<p>Il est port\u00e9 \u00e0 la connaissance de l\u2019utilisateur que la derni\u00e8re mise \u00e0 jour de la pr\u00e9sente politique de confidentialit\u00e9 est intervenue le : 5\/09\/2022.<\/p>\n<p>\u00a0<\/p>\n<h5><em><b>Article 7 : Consentement de l\u2019utilisateur<\/b><\/em><\/h5>\n<p>En naviguant sur le site, l\u2019utilisateur atteste avoir lu et compris la pr\u00e9sente politique de confidentialit\u00e9 et en accepte les conditions, en ce qui concerne plus particuli\u00e8rement la collecte et le traitement de ses donn\u00e9es \u00e0 caract\u00e8re personnel, ainsi que l\u2019utilisation de fichiers \u201ccookies\u201d.<\/p>\n<style>\/*! elementor - v3.17.0 - 08-11-2023 *\/\n.elementor-column .elementor-spacer-inner{height:var(--spacer-size)}.e-con{--container-widget-width:100%}.e-con-inner>.elementor-widget-spacer,.e-con>.elementor-widget-spacer{width:var(--container-widget-width,var(--spacer-size));--align-self:var(--container-widget-align-self,initial);--flex-shrink:0}.e-con-inner>.elementor-widget-spacer>.elementor-widget-container,.e-con>.elementor-widget-spacer>.elementor-widget-container{height:100%;width:100%}.e-con-inner>.elementor-widget-spacer>.elementor-widget-container>.elementor-spacer,.e-con>.elementor-widget-spacer>.elementor-widget-container>.elementor-spacer{height:100%}.e-con-inner>.elementor-widget-spacer>.elementor-widget-container>.elementor-spacer>.elementor-spacer-inner,.e-con>.elementor-widget-spacer>.elementor-widget-container>.elementor-spacer>.elementor-spacer-inner{height:var(--container-widget-height,var(--spacer-size))}.e-con-inner>.elementor-widget-spacer.elementor-widget-empty,.e-con>.elementor-widget-spacer.elementor-widget-empty{position:relative;min-height:22px;min-width:22px}.e-con-inner>.elementor-widget-spacer.elementor-widget-empty .elementor-widget-empty-icon,.e-con>.elementor-widget-spacer.elementor-widget-empty .elementor-widget-empty-icon{position:absolute;top:0;bottom:0;left:0;right:0;margin:auto;padding:0;width:22px;height:22px}<\/style>","protected":false},"excerpt":{"rendered":"<p>IDENTIT\u00c9 ET H\u00c9BERGEMENT\u00a0 Nom du site web :\u00a0MERVEILLE D&rsquo;ALGERIE Adresse :\u00a0https:\/\/merveillesdalgerie.com\/\u00a0 Responsable de publication :\u00a0MERVEILLE D&rsquo;ALGERIE H\u00e9bergement :\u00a0&#8230;&#8230;&#8230; PERSONNE MORALE\u00a0 MERVEILLE D&rsquo;ALGERIE\u2013 Entreprise individuelle au capital de&#8230;&#8230;. \u2013 RCS sous le num\u00e9ro &#8230;&#8230;.. \u2013 rue du\u00a0Rue Benjamin-Franklin 2, 1201. Gen\u00e8ve\u00a0 [&hellip;]<\/p>","protected":false},"author":1,"featured_media":0,"parent":0,"menu_order":0,"comment_status":"closed","ping_status":"closed","template":"","meta":{"_monsterinsights_skip_tracking":false,"_monsterinsights_sitenote_active":false,"_monsterinsights_sitenote_note":"","_monsterinsights_sitenote_category":0,"footnotes":""},"class_list":["post-4356","page","type-page","status-publish","hentry"],"aioseo_notices":[],"_links":{"self":[{"href":"https:\/\/merveillesdalgerie.com\/en\/wp-json\/wp\/v2\/pages\/4356","targetHints":{"allow":["GET"]}}],"collection":[{"href":"https:\/\/merveillesdalgerie.com\/en\/wp-json\/wp\/v2\/pages"}],"about":[{"href":"https:\/\/merveillesdalgerie.com\/en\/wp-json\/wp\/v2\/types\/page"}],"author":[{"embeddable":true,"href":"https:\/\/merveillesdalgerie.com\/en\/wp-json\/wp\/v2\/users\/1"}],"replies":[{"embeddable":true,"href":"https:\/\/merveillesdalgerie.com\/en\/wp-json\/wp\/v2\/comments?post=4356"}],"version-history":[{"count":4,"href":"https:\/\/merveillesdalgerie.com\/en\/wp-json\/wp\/v2\/pages\/4356\/revisions"}],"predecessor-version":[{"id":4363,"href":"https:\/\/merveillesdalgerie.com\/en\/wp-json\/wp\/v2\/pages\/4356\/revisions\/4363"}],"wp:attachment":[{"href":"https:\/\/merveillesdalgerie.com\/en\/wp-json\/wp\/v2\/media?parent=4356"}],"curies":[{"name":"wp","href":"https:\/\/api.w.org\/{rel}","templated":true}]}}