{"id":4350,"date":"2023-11-26T03:28:30","date_gmt":"2023-11-26T02:28:30","guid":{"rendered":"https:\/\/merveillesdalgerie.com\/?page_id=4350"},"modified":"2023-11-26T04:04:37","modified_gmt":"2023-11-26T03:04:37","slug":"condition-generales-de-vente","status":"publish","type":"page","link":"https:\/\/merveillesdalgerie.com\/en\/condition-generales-de-vente\/","title":{"rendered":"Condition g\u00e9n\u00e9rales de vente"},"content":{"rendered":"<style>\/*! elementor - v3.17.0 - 08-11-2023 *\/\n.elementor-column .elementor-spacer-inner{height:var(--spacer-size)}.e-con{--container-widget-width:100%}.e-con-inner>.elementor-widget-spacer,.e-con>.elementor-widget-spacer{width:var(--container-widget-width,var(--spacer-size));--align-self:var(--container-widget-align-self,initial);--flex-shrink:0}.e-con-inner>.elementor-widget-spacer>.elementor-widget-container,.e-con>.elementor-widget-spacer>.elementor-widget-container{height:100%;width:100%}.e-con-inner>.elementor-widget-spacer>.elementor-widget-container>.elementor-spacer,.e-con>.elementor-widget-spacer>.elementor-widget-container>.elementor-spacer{height:100%}.e-con-inner>.elementor-widget-spacer>.elementor-widget-container>.elementor-spacer>.elementor-spacer-inner,.e-con>.elementor-widget-spacer>.elementor-widget-container>.elementor-spacer>.elementor-spacer-inner{height:var(--container-widget-height,var(--spacer-size))}.e-con-inner>.elementor-widget-spacer.elementor-widget-empty,.e-con>.elementor-widget-spacer.elementor-widget-empty{position:relative;min-height:22px;min-width:22px}.e-con-inner>.elementor-widget-spacer.elementor-widget-empty .elementor-widget-empty-icon,.e-con>.elementor-widget-spacer.elementor-widget-empty .elementor-widget-empty-icon{position:absolute;top:0;bottom:0;left:0;right:0;margin:auto;padding:0;width:22px;height:22px}<\/style>\n<p>Les conditions g\u00e9n\u00e9rales suivantes s\u2019appliquent \u00e0 toutes les commandes pass\u00e9es par le client (\u00ab vous \u00bb) \u00e0 www.vestisunna.com entreprise immatricul\u00e9e au R.C.S de XXX sous le num\u00e9ro SIRET &#8230;&#8230;&#8230;&#8230;&nbsp;<\/p>\n<p>En utilisant Vestisunna.com et\/ou en passant une commande, vous vous engagez \u00e0 respecter toutes les clauses et conditions pr\u00e9sent\u00e9es dans ce document (les \u00ab conditions g\u00e9n\u00e9rales de vente \u00bb).<\/p>\n<h4><b>PREAMBULE<\/b><\/h4>\n<p>Les pr\u00e9sentes conditions g\u00e9n\u00e9rales de vente \u00ab Les Conditions G\u00e9n\u00e9rales \u00bbsont conclues entre MERVEILLES D&rsquo;ALGERIE et toute personne physique non commer\u00e7ante (\u00ab L\u2019Utilisateur \u00bb) souhaitant effectuer un achat sur le Site Internet&nbsp;<a href=\"https:\/\/merveillesdalgerie.com\/en\/\">www.merveillesdalgerie.com<\/a>&nbsp;Les Parties conviennent que les pr\u00e9sentes Conditions G\u00e9n\u00e9rales r\u00e9gissent exclusivement leur relation. Le site&nbsp;MERVEILLES D&rsquo;ALGERIE&nbsp;se r\u00e9serve le droit de modifier ponctuellement les Conditions G\u00e9n\u00e9rales. Elles sont applicables d\u00e8s leur mise en ligne.<\/p>\n<p>Si une condition de vente venait \u00e0 faire d\u00e9faut, elle serait consid\u00e9r\u00e9e \u00eatre r\u00e9gie par les usages en vigueur dans le secteur de la vente \u00e0 distance dont les soci\u00e9t\u00e9s ont si\u00e8ge en France.<\/p>\n<h5><b>ARTICLE 1 : OBJET<\/b><\/h5>\n<p>Les Conditions G\u00e9n\u00e9rales visent \u00e0 d\u00e9finir les modalit\u00e9s entre le site&nbsp;&nbsp;<a href=\"https:\/\/merveillesdalgerie.com\/en\/\" style=\"font-weight: 400; font-style: normal; font-size: 14px; font-family: Roboto, sans-serif;\">www.merveillesdalgerie.com<\/a>&nbsp;et l\u2019utilisateur, \u00e0 partir de la passation de la commande jusqu\u2019aux services apr\u00e8s-vente, en passant par le paiement et la livraison.<\/p>\n<h5><b>ARTICLE 2 : PRODUITS<\/b><\/h5>\n<p>Les produits r\u00e9gis par les pr\u00e9sentes Conditions G\u00e9n\u00e9rales sont ceux qui figurent sur le Site Internet&nbsp;<a href=\"https:\/\/merveillesdalgerie.com\/en\/\" style=\"font-weight: 400; font-style: normal; font-size: 14px; font-family: Roboto, sans-serif;\">www.merveillesdalgerie.com<\/a>&nbsp;et qui sont indiqu\u00e9s comme vendus et exp\u00e9di\u00e9s par&nbsp;&nbsp;MERVEILLES D&rsquo;ALGERIE&nbsp;. Ils sont propos\u00e9s dans la limite des stocks disponibles.<\/p>\n<p>Les produits sont d\u00e9crits et pr\u00e9sent\u00e9s avec la plus grande exactitude possible. Toutefois si des erreurs ou omissions ont pu se produire quant \u00e0 cette pr\u00e9sentation, la responsabilit\u00e9 de&nbsp;&nbsp;MERVEILLES D&rsquo;ALGERIE&nbsp;ne pourrait \u00eatre engag\u00e9e.<\/p>\n<p>Les photographies des produits ne sont pas contractuelles, en effet les couleurs pr\u00e9sent\u00e9es dans ce catalogue peuvent l\u00e9g\u00e8rement varier en r\u00e9alit\u00e9 en raison du flash, de la luminosit\u00e9 etc.&nbsp;<\/p>\n<h5><b>ARTICLE 3 : LES PRIX<\/b><\/h5>\n<p>Les prix des produits sont indiqu\u00e9s en euros toutes taxes comprises.&nbsp;<\/p>\n<p><a href=\"https:\/\/merveillesdalgerie.com\/en\/\" style=\"font-family: Roboto, sans-serif; font-size: 14px; font-style: normal; font-weight: 400; text-align: var(--text-align);\">www.merveillesdalgerie.com<\/a>&nbsp;se r\u00e9serve le droit de modifier ses prix \u00e0 tout moment, mais le produit sera factur\u00e9 sur la base du tarif en vigueur au moment de la validation de la commande et sous r\u00e9serve de disponibilit\u00e9.<\/p>\n<p>Tout article en promotion n\u2019est ni repris ni \u00e9chang\u00e9.<\/p>\n<h5><b>ARTICLE 4 : LA COMMANDE<\/b><\/h5>\n<h6><em>4.1. Identification pr\u00e9alable de l\u2019Utilisateur<\/em><\/h6>\n<p>Pour passer une commande, l\u2019Utilisateur doit s\u2019identifier avec son adresse email ou son num\u00e9ro de client et son mot de passe. Pour toute premi\u00e8re commande, l\u2019Utilisateur devra suivre une proc\u00e9dure de cr\u00e9ation de compte indiqu\u00e9e sur le site Internet&nbsp;<a href=\"https:\/\/merveillesdalgerie.com\/en\/\" style=\"font-weight: 400; font-style: normal; font-size: 14px; font-family: Roboto, sans-serif;\">www.merveillesdalgerie.com<\/a>. Le client peut aussi s\u2019identifier sans cr\u00e9ation de compte client.&nbsp;<\/p>\n<p>En cas de perte ou d\u2019oubli du mot de passe, l\u2019Utilisateur pourra le redemander en se rendant sur son compte client et en cliquant sur \u00ab J\u2019ai oubli\u00e9 mon mot de passe \u00bb. Il recevra alors son mot de passe sur l\u2019adresse email qu\u2019il a communiqu\u00e9 au moment de son inscription.<\/p>\n<h6><em>4.2. Enregistrement et validation de la commande<\/em><\/h6>\n<p>Une fois le panier valid\u00e9 l\u2019Utilisateur devra accepter les Conditions G\u00e9n\u00e9rales, et enfin valider le mode de paiement, cette derni\u00e8re&nbsp; \u00e9tape formalisant le contrat de vente entre&nbsp;MERVEILLES D&rsquo;ALGERIE&nbsp;et l\u2019utilisateur.<\/p>\n<p>Toute commande vaut acceptation des prix et des descriptions des produits disponibles \u00e0 la vente.<\/p>\n<p>MERVEILLES D&rsquo;ALGERIE&nbsp;accusera r\u00e9ception de la commande d\u00e8s sa validation par l\u2019envoi d\u2019un courrier \u00e9lectronique.<\/p>\n<p>Dans certains cas, notamment d\u00e9faut de paiement, adresse erron\u00e9e ou autre probl\u00e8me sur le compte de l\u2019utilisateur,&nbsp;MERVEILLES D&rsquo;ALGERIE&nbsp;se r\u00e9serve le droit de bloquer la commande de l\u2019utilisateur jusqu\u2019\u00e0 r\u00e9solution du probl\u00e8me. En cas d\u2019indisponibilit\u00e9 du produit command\u00e9, l\u2019utilisateur en sera inform\u00e9 par courrier \u00e9lectronique.<\/p>\n<p>Nous nous r\u00e9servons le droit d\u2019annuler une commande en cas d\u2019utilisation frauduleuse d\u2019un code ou l\u2019utilisation de code promotionnel non valide qui ne fonctionnerait pas en raison d\u2019un probl\u00e8me informatique.&nbsp;<\/p>\n<h5><b>ARTICLE 5 : LES MODALIT\u00c9S DE PAIEMENT<\/b><\/h5>\n<p>L\u2019Utilisateur&nbsp; a le choix de r\u00e9gler ses achats :<\/p>\n<p>&nbsp;&nbsp;&nbsp;\u2013 Par carte bancaire : Carte Bleue, e-carte bleue, Visa, Mastercard, Carte American Express.<\/p>\n<p>&nbsp;&nbsp;&nbsp;\u2013 Avec son compte PayPal : en choisissant le paiement Paypal, l\u2019Utilisateur sera automatiquement dirig\u00e9 sur son compte PayPal. Une fois le paiement valid\u00e9, l\u2019Utilisateur pourra terminer sa commande sur le site Internet.<\/p>\n<p>MERVEILLES D&rsquo;ALGERIE&nbsp;ne garde aucune trace et n\u2019a aucun acc\u00e8s aux donn\u00e9es bancaires de nos clients.<\/p>\n<h5><\/h5>\n<h5><b>ARTICLE 6: RESPONSABILITE<\/b><\/h5>\n<p>D\u00e8s lors qu\u2019une commande est pass\u00e9e,&nbsp;MERVEILLES D&rsquo;ALGERIE&nbsp;s\u2019engage \u00e0 respecter les clauses du contrat.&nbsp;<\/p>\n<p>Ainsi&nbsp;MERVEILLES D&rsquo;ALGERIE&nbsp;s\u2019engage \u00e0 d\u00e9crire avec la plus grande exactitude les produits vendus sur son site. En revanche sa responsabilit\u00e9 ne pourra \u00eatre engag\u00e9e dans le cas o\u00f9 l\u2019inex\u00e9cution de ses obligations serait imputable soit au fait impr\u00e9visible et insurmontable d\u2019un tiers au contrat soit \u00e0 un cas de force majeur telle que d\u00e9finie par la jurisprudence fran\u00e7aise. De m\u00eame, la responsabilit\u00e9 de&nbsp;MERVEILLES D&rsquo;ALGERIE&nbsp;ne saurait \u00eatre engag\u00e9e pour tous les inconv\u00e9nients ou dommages inh\u00e9rents \u00e0 l\u2019utilisation du r\u00e9seau Internet, notamment une rupture de service, une intrusion ext\u00e9rieure ou la pr\u00e9sence de virus informatiques.<\/p>\n<h5><b>ARTICLE 7: PROPRIETE INTELLECTUELLE<\/b><\/h5>\n<p>Tous les \u00e9l\u00e9ments du site&nbsp;MERVEILLES D&rsquo;ALGERIE, qu\u2019ils soient visuels ou sonores, tels que les \u00e9crits, les vid\u00e9os, les photographies, les logos, sont la propri\u00e9t\u00e9 exclusive de la soci\u00e9t\u00e9&nbsp;MERVEILLES D&rsquo;ALGERIE. Toute copie, adaptation, traduction, repr\u00e9sentation ou modification m\u00eame partielle du site&nbsp;et de son contenu est strictement interdite, sans l\u2019accord pr\u00e9alable \u00e9crit de&nbsp;MERVEILLES D&rsquo;ALGERIE&nbsp;et pourra \u00eatre l\u2019objet d\u2019une poursuite judiciaire.<\/p>\n<h5><b>ARTICLE 8: NON VALIDATION PARTIELLE<\/b><\/h5>\n<p>Si une ou plusieurs stipulations des pr\u00e9sentes conditions g\u00e9n\u00e9rales sont tenues pour non valid\u00e9es ou d\u00e9clar\u00e9es telles en application d\u2019une loi, d\u2019un r\u00e8glement ou \u00e0 la suite d\u2019une d\u00e9cision d\u00e9finitive d\u2019une jurisprudence comp\u00e9tente, les autres stipulations garderont toute leur force et leur port\u00e9e.<\/p>\n<h5><b>ARTICLE 9: NON RENONCIATION<\/b><\/h5>\n<p>Le fait pour l\u2019une des parties de ne pas se pr\u00e9valoir d\u2019un manquement par l\u2019autre partie \u00e0 l\u2019une quelconque des obligations vis\u00e9es dans le cadre des pr\u00e9sentes Conditions G\u00e9n\u00e9rales de Vente ne saurait \u00eatre interpr\u00e9t\u00e9 pour l\u2019avenir comme une revendication \u00e0 l\u2019obligation en cause.<\/p>\n<h5><b>ARTICLE 10: PROTECTION DES DONN\u00c9ES PERSONNELLES\/ RGPD<\/b><\/h5>\n<p>Toutes les donn\u00e9es que l\u2019utilisateur confie \u00e0&nbsp;MERVEILLES D&rsquo;ALGERIE, le sont afin de pouvoir traiter ses commandes.<\/p>\n<p>Le nom, pr\u00e9nom et adresse sont demand\u00e9s afin de pouvoir exp\u00e9dier la commande. Le num\u00e9ro de t\u00e9l\u00e9phone et l\u2019adresse e-mail sont n\u00e9cessaires pour le transporteur pour permettre le suivi du colis et lors de la livraison.<\/p>\n<p>Par ailleurs, l\u2019email peut \u00eatre utilis\u00e9 par&nbsp;MERVEILLES D&rsquo;ALGERIE&nbsp;pour l\u2019envoi d\u2019e-mails concernant sa commande, des newsletters et emails publicitaires (code promo, nouveaut\u00e9s).<\/p>\n<p>Le num\u00e9ro de t\u00e9l\u00e9phone peut \u00eatre aussi utilis\u00e9 par&nbsp;MERVEILLES D&rsquo;ALGERIE&nbsp;en cas de probl\u00e8me sur une commande ou une adresse de livraison pour contacter le client.&nbsp;<\/p>\n<p>Les donn\u00e9es de l\u2019utilisateur ne sont ni partag\u00e9es, ni vendues seul&nbsp;MERVEILLES D&rsquo;ALGERIE&nbsp;y a acc\u00e8s .<\/p>\n<p>Les donn\u00e9es sont conserv\u00e9es tant que le client garde son compte client.<\/p>\n<p>En vertu de la loi n 78-17 du 6 janvier 1978 relative \u00e0 l\u2019informatique, aux fichiers et aux libert\u00e9s, l\u2019Utilisateur dispose d\u2019un droit de rectification, de consultation, de modification et de suppression des donn\u00e9es communiqu\u00e9es.<\/p>\n<p>Pour cela vous pouvez vous connecter sur votre espace client sur le site&nbsp;MERVEILLES D&rsquo;ALGERIE&nbsp;pour modifier vos donn\u00e9es ou les supprimer ou par un message \u00e0 cette adresse e-mail.&nbsp;<\/p>\n<h5><b>ARTICLE 11: LOI APPLICABLE ET COMPETENCE JURIDICTIONNELLE<\/b><\/h5>\n<p>Toute commande pass\u00e9e par l\u2019interm\u00e9diaire de&nbsp;MERVEILLES D&rsquo;ALGERIE&nbsp;emporte l\u2019adh\u00e9sion du client, et ce sans aucune restriction, aux Conditions G\u00e9n\u00e9rales de Vente de&nbsp;MERVEILLES D&rsquo;ALGERIE.&nbsp;<\/p>\n<p>Les pr\u00e9sentes conditions g\u00e9n\u00e9rales de vente sont soumises \u00e0 la loi fran\u00e7aise. En cas de litige, seuls les tribunaux fran\u00e7ais seront comp\u00e9tents.<\/p>\n<p>Quelle que soit la nature du conflit, le client et&nbsp;MERVEILLES D&rsquo;ALGERIE&nbsp;s\u2019engagent avant toute action judiciaire \u00e0 rechercher une solution amiable.<\/p>","protected":false},"excerpt":{"rendered":"<p>Les conditions g\u00e9n\u00e9rales suivantes s\u2019appliquent \u00e0 toutes les commandes pass\u00e9es par le client (\u00ab vous \u00bb) \u00e0 www.vestisunna.com entreprise immatricul\u00e9e au R.C.S de XXX sous le num\u00e9ro SIRET &#8230;&#8230;&#8230;&#8230;&nbsp; En utilisant Vestisunna.com et\/ou en passant une commande, vous vous engagez [&hellip;]<\/p>","protected":false},"author":1,"featured_media":0,"parent":0,"menu_order":0,"comment_status":"closed","ping_status":"closed","template":"","meta":{"_monsterinsights_skip_tracking":false,"_monsterinsights_sitenote_active":false,"_monsterinsights_sitenote_note":"","_monsterinsights_sitenote_category":0,"footnotes":""},"class_list":["post-4350","page","type-page","status-publish","hentry"],"aioseo_notices":[],"_links":{"self":[{"href":"https:\/\/merveillesdalgerie.com\/en\/wp-json\/wp\/v2\/pages\/4350","targetHints":{"allow":["GET"]}}],"collection":[{"href":"https:\/\/merveillesdalgerie.com\/en\/wp-json\/wp\/v2\/pages"}],"about":[{"href":"https:\/\/merveillesdalgerie.com\/en\/wp-json\/wp\/v2\/types\/page"}],"author":[{"embeddable":true,"href":"https:\/\/merveillesdalgerie.com\/en\/wp-json\/wp\/v2\/users\/1"}],"replies":[{"embeddable":true,"href":"https:\/\/merveillesdalgerie.com\/en\/wp-json\/wp\/v2\/comments?post=4350"}],"version-history":[{"count":5,"href":"https:\/\/merveillesdalgerie.com\/en\/wp-json\/wp\/v2\/pages\/4350\/revisions"}],"predecessor-version":[{"id":4360,"href":"https:\/\/merveillesdalgerie.com\/en\/wp-json\/wp\/v2\/pages\/4350\/revisions\/4360"}],"wp:attachment":[{"href":"https:\/\/merveillesdalgerie.com\/en\/wp-json\/wp\/v2\/media?parent=4350"}],"curies":[{"name":"wp","href":"https:\/\/api.w.org\/{rel}","templated":true}]}}