{"id":3892,"date":"2016-12-24T04:38:09","date_gmt":"2016-12-24T04:38:09","guid":{"rendered":"http:\/\/themes.themegoods.com\/grandtour\/demo\/?page_id=2465"},"modified":"2023-11-29T23:14:55","modified_gmt":"2023-11-29T22:14:55","slug":"about-us","status":"publish","type":"page","link":"https:\/\/merveillesdalgerie.com\/en\/about-us\/","title":{"rendered":"About Us"},"content":{"rendered":"<div  class=\"one withsmallpadding ppb_header_youtube withbg parallax\" data-jarallax-video=\"https:\/\/youtu.be\/AXRAOqZ9PDc\"  style=\"text-align:center;padding:240px 0 240px 0;color:#ffffff;\" >\n<div class=\"overlay_background\" style=\"background:#000000;background:rgb(0,0,0,0.4);background:rgba(0,0,0,0.4);\"><\/div>\n<div class=\"standard_wrapper\">\n<div class=\"page_content_wrapper\">\n<div class=\"inner\">\n<div style=\"margin:auto;width:100%\">\n<h2 class=\"ppb_title\" style=\"color:#ffffff;\">Nous sommes une agence de voyages de classe mondiale<\/h2>\n<div class=\"page_tagline\" style=\"color:#ffffff;\">RENCONTREZ NOTRE \u00c9QUIPE<\/div>\n<\/div>\n<\/div>\n<\/div>\n<\/div>\n<\/div>\n<div  class=\"one withsmallpadding ppb_header\" style=\"text-align:center;padding:40px 0 40px 0;background-color:#000000;color:#ffffff;\" >\n<div class=\"standard_wrapper\">\n<div class=\"page_content_wrapper\">\n<div class=\"inner\">\n<div style=\"margin:auto;width:90%\">\n<h2 class=\"ppb_title\" style=\"color:#ffffff;\">MERVEILLES ALGERIE est une association de voyage solidaire qui organise des circuits de tourisme durable et \u00e9quitable au SAHARA d&#039;Alg\u00e9rie.<\/h2>\n<div class=\"ppb_header_content\">\n<p>Nous sommes un r\u00e9seau d\u2019hommes et de femmes, riches d\u2019exp\u00e9riences qui assurent pour vous l\u2019accompagnement de tous vos voyages.<\/p>\n<div class=\"one_half\" style=\"\">\n<div class=\"animate_counter_wrapper\">\n<div id=\"17012960951144292488\" class=\"odometer\" style=\"font-size:60px;line-height:60px;\">0<\/div>\n<div class=\"count_separator\"><span><\/span><\/div>\n<div class=\"counter_subject\">Destinations<\/div>\n<\/div>\n<\/div>\n<div class=\"one_half last\" style=\"\">\n<div class=\"animate_counter_wrapper\">\n<div id=\"1701296095184232264\" class=\"odometer\" style=\"font-size:60px;line-height:60px;\">0<\/div>\n<div class=\"count_separator\"><span><\/span><\/div>\n<div class=\"counter_subject\">Guide de voyage<\/div>\n<\/div>\n<\/div>\n<p><br class=\"clear\"\/><\/p>\n<\/div>\n<\/div>\n<\/div>\n<\/div>\n<\/div>\n<\/div>\n<div  class=\"one withsmallpadding ppb_contact_half_bg withbg parallax\" style=\"background-image:url(http:\/\/merveillesdalgerie.com\/wp-content\/uploads\/2023\/11\/a280d42854888a13f45b4763c91767df-scaled.webp);background-position: center center;padding:40px 0 40px 0;\" >\n<div class=\"standard_wrapper\">\n<div class=\"page_content_wrapper\">\n<div class=\"inner\">\n<div class=\"one_half_bg floatright\" style=\"background:#ffffff;background:rgb(255,255,255,1);background:rgba(255,255,255,1);\" data-stellar-ratio=\"1.3\">\n<h2 class=\"ppb_title\" style=\"\">Prenez contact avec nous<\/h2>\n<div class=\"contact_form7_wrapper\">\n<div class=\"wpcf7 no-js\" id=\"wpcf7-f3075-o1\" lang=\"en-US\" dir=\"ltr\">\n<div class=\"screen-reader-response\">\n<p role=\"status\" aria-live=\"polite\" aria-atomic=\"true\">\n<ul><\/ul>\n<\/div>\n<form action=\"\/en\/wp-admin\/post.php\/#wpcf7-f3075-o1\" method=\"post\" class=\"wpcf7-form init\" aria-label=\"Contact form\" novalidate=\"novalidate\" data-status=\"init\" data-trp-original-action=\"\/wp-admin\/post.php#wpcf7-f3075-o1\">\n<div style=\"display: none;\">\n<input type=\"hidden\" name=\"_wpcf7\" value=\"3075\" \/><br \/>\n<input type=\"hidden\" name=\"_wpcf7_version\" value=\"5.8.3\" \/><br \/>\n<input type=\"hidden\" name=\"_wpcf7_locale\" value=\"en_US\" \/><br \/>\n<input type=\"hidden\" name=\"_wpcf7_unit_tag\" value=\"wpcf7-f3075-o1\" \/><br \/>\n<input type=\"hidden\" name=\"_wpcf7_container_post\" value=\"0\" \/><br \/>\n<input type=\"hidden\" name=\"_wpcf7_posted_data_hash\" value=\"\" \/>\n<\/div>\n<p><label> Nom complet<br \/>\n<span class=\"wpcf7-form-control-wrap\" data-name=\"your-name\"><input size=\"40\" class=\"wpcf7-form-control wpcf7-text wpcf7-validates-as-required\" aria-required=\"true\" aria-invalid=\"false\" placeholder=\"John Doe\" value=\"\" type=\"text\" name=\"your-name\" \/><\/span> <\/label>\n<\/p>\n<p><label> Email<br \/>\n<span class=\"wpcf7-form-control-wrap\" data-name=\"your-email\"><input size=\"40\" class=\"wpcf7-form-control wpcf7-email wpcf7-validates-as-required wpcf7-text wpcf7-validates-as-email\" aria-required=\"true\" aria-invalid=\"false\" placeholder=\"sample@domaine.com\" value=\"\" type=\"email\" name=\"your-email\" \/><\/span> <\/label>\n<\/p>\n<p><label> Num\u00e9ro T\u00e9l<br \/>\n<span class=\"wpcf7-form-control-wrap\" data-name=\"tel-729\"><input size=\"40\" class=\"wpcf7-form-control wpcf7-tel wpcf7-validates-as-required wpcf7-text wpcf7-validates-as-tel\" aria-required=\"true\" aria-invalid=\"false\" placeholder=\"+66-4353434\" value=\"\" type=\"tel\" name=\"tel-729\" \/><\/span> <\/label>\n<\/p>\n<p><label> Int\u00e9ress\u00e9 par<br \/>\n<span class=\"wpcf7-form-control-wrap\" data-name=\"menu-607\"><select class=\"wpcf7-form-control wpcf7-select\" id=\"interest-trip\" aria-invalid=\"false\" name=\"menu-607\"><option value=\"Djanet\">Djanet<\/option><option value=\"Gharda\u00efa\">Gharda\u00efa<\/option><option value=\"Taghit\">Taghit<\/option><option value=\"Tamanrasset\">Tamanrasset<\/option><option value=\"Timimoun\">Timimoun<\/option><\/select><\/span> <\/label>\n<\/p>\n<p><label> Nombre de personnes<br \/>\n<span class=\"wpcf7-form-control-wrap\" data-name=\"text-237\"><input size=\"40\" class=\"wpcf7-form-control wpcf7-text\" aria-invalid=\"false\" placeholder=\"1 person\" value=\"\" type=\"text\" name=\"text-237\" \/><\/span> <\/label>\n<\/p>\n<p><input class=\"wpcf7-form-control wpcf7-submit has-spinner\" type=\"submit\" value=\"Send Message\" \/>\n<\/p>\n<div class=\"wpcf7-response-output\" aria-hidden=\"true\"><\/div>\n<input type=\"hidden\" name=\"trp-form-language\" value=\"en\"\/><\/form>\n<\/div>\n<\/div>\n<\/div>\n<\/div>\n<\/div>\n<\/div>\n<\/div>\n<div  class=\"one withsmallpadding ppb_header\" style=\"text-align:center;padding:0px 0 0px 0;margin-top:60px;margin-bottom:20px;\" >\n<div class=\"standard_wrapper\">\n<div class=\"page_content_wrapper\">\n<div class=\"inner\">\n<div style=\"margin:auto;width:100%\">\n<h2 class=\"ppb_title\" style=\"\">Rencontrez notre \u00e9quipe<\/h2>\n<div class=\"page_tagline\" style=\"\">Voyages, exp\u00e9riences et lieux. Tout en un seul service.<\/div>\n<\/div>\n<\/div>\n<\/div>\n<\/div>\n<\/div>\n<div  class=\"one withsmallpadding ppb_team_column\" >\n<div class=\"page_content_wrapper page_main_content sidebar_content full_width fixed_column photoframe\">\n<div class=\"standard_wrapper\">\n<div id=\"1701296095443713708\" class=\"portfolio_filter_wrapper gallery five_cols\" data-columns=\"5\">\n<div class=\"element grid photoframe fixed_columns classic5_cols animated1\">\n<div class=\"one_fifth gallery5 classic filterable\">\n<div class=\"post_img\"><img decoding=\"async\" class=\"team_pic\" src=\"http:\/\/merveillesdalgerie.com\/wp-content\/uploads\/2014\/02\/pexels-photo-62365-500x500.jpeg\" alt=\"\"\/><\/p>\n<ul class=\"social_wrapper team\">\n<li><a title=\"Jessica Lee on Twitter\" target=\"_blank\" class=\"tooltip\" href=\"https:\/\/twitter.com\/#\" rel=\"noopener\"><i class=\"fa fa-twitter\"><\/i><\/a><\/li>\n<li><a title=\"Jessica Lee on Facebook\" target=\"_blank\" class=\"tooltip\" href=\"https:\/\/facebook.com\/#\" rel=\"noopener\"><i class=\"fa fa-facebook\"><\/i><\/a><\/li>\n<li><a title=\"Jessica Lee on Google+\" target=\"_blank\" class=\"tooltip\" href=\"#\" rel=\"noopener\"><i class=\"fa fa-google-plus\"><\/i><\/a><\/li>\n<li><a title=\"Jessica Lee on Linkedin\" target=\"_blank\" class=\"tooltip\" href=\"#\" rel=\"noopener\"><i class=\"fa fa-linkedin\"><\/i><\/a><\/li>\n<\/ul>\n<\/div>\n<div class=\"portfolio_info_wrapper center\">\n<h4>Jessica Lee<\/h4>\n<div class=\"page_tagline\">CEO<\/div>\n<\/div>\n<\/div>\n<\/div>\n<div class=\"element grid photoframe fixed_columns classic5_cols animated2\">\n<div class=\"one_fifth gallery5 classic filterable\">\n<div class=\"post_img\"><img decoding=\"async\" class=\"team_pic\" src=\"http:\/\/merveillesdalgerie.com\/wp-content\/uploads\/2014\/02\/pexels-photo-57759-500x500.jpeg\" alt=\"\"\/><\/p>\n<ul class=\"social_wrapper team\">\n<li><a title=\"John Bennett on Twitter\" target=\"_blank\" class=\"tooltip\" href=\"https:\/\/twitter.com\/#\" rel=\"noopener\"><i class=\"fa fa-twitter\"><\/i><\/a><\/li>\n<li><a title=\"John Bennett on Facebook\" target=\"_blank\" class=\"tooltip\" href=\"https:\/\/facebook.com\/#\" rel=\"noopener\"><i class=\"fa fa-facebook\"><\/i><\/a><\/li>\n<li><a title=\"John Bennett on Google+\" target=\"_blank\" class=\"tooltip\" href=\"#\" rel=\"noopener\"><i class=\"fa fa-google-plus\"><\/i><\/a><\/li>\n<li><a title=\"John Bennett on Linkedin\" target=\"_blank\" class=\"tooltip\" href=\"#\" rel=\"noopener\"><i class=\"fa fa-linkedin\"><\/i><\/a><\/li>\n<\/ul>\n<\/div>\n<div class=\"portfolio_info_wrapper center\">\n<h4>John Bennett<\/h4>\n<div class=\"page_tagline\">Asia Tour Expert<\/div>\n<\/div>\n<\/div>\n<\/div>\n<div class=\"element grid photoframe fixed_columns classic5_cols animated3\">\n<div class=\"one_fifth gallery5 classic filterable\">\n<div class=\"post_img\"><img decoding=\"async\" class=\"team_pic\" src=\"http:\/\/merveillesdalgerie.com\/wp-content\/uploads\/2014\/02\/pexels-photo-176045-500x500.jpeg\" alt=\"\"\/><\/p>\n<ul class=\"social_wrapper team\">\n<li><a title=\"Christina Hardy on Twitter\" target=\"_blank\" class=\"tooltip\" href=\"https:\/\/twitter.com\/#\" rel=\"noopener\"><i class=\"fa fa-twitter\"><\/i><\/a><\/li>\n<li><a title=\"Christina Hardy on Facebook\" target=\"_blank\" class=\"tooltip\" href=\"https:\/\/facebook.com\/#\" rel=\"noopener\"><i class=\"fa fa-facebook\"><\/i><\/a><\/li>\n<li><a title=\"Christina Hardy on Google+\" target=\"_blank\" class=\"tooltip\" href=\"#\" rel=\"noopener\"><i class=\"fa fa-google-plus\"><\/i><\/a><\/li>\n<li><a title=\"Christina Hardy on Linkedin\" target=\"_blank\" class=\"tooltip\" href=\"#\" rel=\"noopener\"><i class=\"fa fa-linkedin\"><\/i><\/a><\/li>\n<\/ul>\n<\/div>\n<div class=\"portfolio_info_wrapper center\">\n<h4>Christina Hardy<\/h4>\n<div class=\"page_tagline\">Marketing Manager<\/div>\n<\/div>\n<\/div>\n<\/div>\n<div class=\"element grid photoframe fixed_columns classic5_cols animated4\">\n<div class=\"one_fifth gallery5 classic filterable\">\n<div class=\"post_img\"><img decoding=\"async\" class=\"team_pic\" src=\"http:\/\/merveillesdalgerie.com\/wp-content\/uploads\/2014\/02\/pexels-photo-167471-500x500.jpeg\" alt=\"\"\/><\/p>\n<ul class=\"social_wrapper team\">\n<li><a title=\"Oliver Doe on Twitter\" target=\"_blank\" class=\"tooltip\" href=\"https:\/\/twitter.com\/#\" rel=\"noopener\"><i class=\"fa fa-twitter\"><\/i><\/a><\/li>\n<li><a title=\"Oliver Doe on Facebook\" target=\"_blank\" class=\"tooltip\" href=\"https:\/\/facebook.com\/#\" rel=\"noopener\"><i class=\"fa fa-facebook\"><\/i><\/a><\/li>\n<li><a title=\"Oliver Doe on Google+\" target=\"_blank\" class=\"tooltip\" href=\"#\" rel=\"noopener\"><i class=\"fa fa-google-plus\"><\/i><\/a><\/li>\n<li><a title=\"Oliver Doe on Linkedin\" target=\"_blank\" class=\"tooltip\" href=\"#\" rel=\"noopener\"><i class=\"fa fa-linkedin\"><\/i><\/a><\/li>\n<\/ul>\n<\/div>\n<div class=\"portfolio_info_wrapper center\">\n<h4>Oliver Doe<\/h4>\n<div class=\"page_tagline\">Europe Tour Expert<\/div>\n<\/div>\n<\/div>\n<\/div>\n<div class=\"element grid photoframe fixed_columns classic5_cols animated5\">\n<div class=\"one_fifth gallery5 classic filterable\">\n<div class=\"post_img\"><img decoding=\"async\" class=\"team_pic\" src=\"http:\/\/merveillesdalgerie.com\/wp-content\/uploads\/2014\/02\/pexels-photo-48646-1-500x500.jpeg\" alt=\"\"\/><\/p>\n<ul class=\"social_wrapper team\">\n<li><a title=\"Jane Bennett on Twitter\" target=\"_blank\" class=\"tooltip\" href=\"https:\/\/twitter.com\/#\" rel=\"noopener\"><i class=\"fa fa-twitter\"><\/i><\/a><\/li>\n<li><a title=\"Jane Bennett on Facebook\" target=\"_blank\" class=\"tooltip\" href=\"https:\/\/facebook.com\/#\" rel=\"noopener\"><i class=\"fa fa-facebook\"><\/i><\/a><\/li>\n<li><a title=\"Jane Bennett on Google+\" target=\"_blank\" class=\"tooltip\" href=\"#\" rel=\"noopener\"><i class=\"fa fa-google-plus\"><\/i><\/a><\/li>\n<li><a title=\"Jane Bennett on Linkedin\" target=\"_blank\" class=\"tooltip\" href=\"#\" rel=\"noopener\"><i class=\"fa fa-linkedin\"><\/i><\/a><\/li>\n<\/ul>\n<\/div>\n<div class=\"portfolio_info_wrapper center\">\n<h4>Jane Bennett<\/h4>\n<div class=\"page_tagline\">Customer Support<\/div>\n<\/div>\n<\/div>\n<\/div>\n<\/div>\n<\/div>\n<\/div>\n<\/div>","protected":false},"excerpt":{"rendered":"<p>Nous sommes une agence de voyages de classe mondiale RENCONTREZ NOTRE \u00c9QUIPE MERVEILLES ALGERIE est une association de voyage solidaire qui organise des circuits de tourisme durable et \u00e9quitable au SAHARA d&#039;Alg\u00e9rie. Nous sommes un r\u00e9seau d\u2019hommes et de femmes, [&hellip;]<\/p>","protected":false},"author":1,"featured_media":0,"parent":0,"menu_order":0,"comment_status":"closed","ping_status":"closed","template":"","meta":{"_monsterinsights_skip_tracking":false,"_monsterinsights_sitenote_active":false,"_monsterinsights_sitenote_note":"","_monsterinsights_sitenote_category":0,"footnotes":""},"class_list":["post-3892","page","type-page","status-publish","hentry"],"aioseo_notices":[],"_links":{"self":[{"href":"https:\/\/merveillesdalgerie.com\/en\/wp-json\/wp\/v2\/pages\/3892","targetHints":{"allow":["GET"]}}],"collection":[{"href":"https:\/\/merveillesdalgerie.com\/en\/wp-json\/wp\/v2\/pages"}],"about":[{"href":"https:\/\/merveillesdalgerie.com\/en\/wp-json\/wp\/v2\/types\/page"}],"author":[{"embeddable":true,"href":"https:\/\/merveillesdalgerie.com\/en\/wp-json\/wp\/v2\/users\/1"}],"replies":[{"embeddable":true,"href":"https:\/\/merveillesdalgerie.com\/en\/wp-json\/wp\/v2\/comments?post=3892"}],"version-history":[{"count":9,"href":"https:\/\/merveillesdalgerie.com\/en\/wp-json\/wp\/v2\/pages\/3892\/revisions"}],"predecessor-version":[{"id":4407,"href":"https:\/\/merveillesdalgerie.com\/en\/wp-json\/wp\/v2\/pages\/3892\/revisions\/4407"}],"wp:attachment":[{"href":"https:\/\/merveillesdalgerie.com\/en\/wp-json\/wp\/v2\/media?parent=3892"}],"curies":[{"name":"wp","href":"https:\/\/api.w.org\/{rel}","templated":true}]}}