{"id":3573,"date":"2017-07-31T09:49:07","date_gmt":"2017-07-31T09:49:07","guid":{"rendered":"http:\/\/themes.themegoods.com\/grandtour\/demo2\/?page_id=3573"},"modified":"2023-11-26T04:03:24","modified_gmt":"2023-11-26T03:03:24","slug":"contact-2","status":"publish","type":"page","link":"https:\/\/merveillesdalgerie.com\/en\/contact-2\/","title":{"rendered":"Contact"},"content":{"rendered":"<div class=\"map_shortcode_wrapper\" id=\"map1700967804952775435\" style=\"width:100%;height:600px\">\n<div class=\"map-marker\" data-latlng=\"46.20842354343296,6.137212296541643\" data-icon=\"http:\/\/themes.themegoods.com\/grandtour\/demo2\/wp-content\/uploads\/2017\/07\/map_marker.png\" ><\/div>\n<\/div>\n<div  class=\"one withsmallpadding ppb_header\" style=\"padding-bottom: 0 !important;text-align:center;padding:60px 0 60px 0;\" >\n<div class=\"standard_wrapper\">\n<div class=\"page_content_wrapper\">\n<div class=\"inner\">\n<div style=\"margin:auto;width:80%\">\n<h2 class=\"ppb_title\" style=\"\">Merveilles d&#039;Alg\u00e9rie<\/h2>\n<div class=\"page_tagline\" style=\"\">Voyageurs inspir\u00e9s et passionn\u00e9s<\/div>\n<\/div>\n<\/div>\n<\/div>\n<\/div>\n<\/div>\n<div  class=\"one withsmallpadding ppb_text\" style=\"text-align:left;padding:0px 0 0px 0;margin-bottom:60px;\" >\n<div class=\"standard_wrapper\">\n<div class=\"page_content_wrapper\">\n<div class=\"inner\">\n<div style=\"margin:auto;width:60%\">\n<div class=\"wpcf7 no-js\" id=\"wpcf7-f3075-o1\" lang=\"en-US\" dir=\"ltr\">\n<div class=\"screen-reader-response\">\n<p role=\"status\" aria-live=\"polite\" aria-atomic=\"true\">\n<ul><\/ul>\n<\/div>\n<form action=\"\/en\/wp-admin\/post.php\/#wpcf7-f3075-o1\" method=\"post\" class=\"wpcf7-form init\" aria-label=\"Contact form\" novalidate=\"novalidate\" data-status=\"init\" data-trp-original-action=\"\/wp-admin\/post.php#wpcf7-f3075-o1\">\n<div style=\"display: none;\">\n<input type=\"hidden\" name=\"_wpcf7\" value=\"3075\" \/><br \/>\n<input type=\"hidden\" name=\"_wpcf7_version\" value=\"5.8.3\" \/><br \/>\n<input type=\"hidden\" name=\"_wpcf7_locale\" value=\"en_US\" \/><br \/>\n<input type=\"hidden\" name=\"_wpcf7_unit_tag\" value=\"wpcf7-f3075-o1\" \/><br \/>\n<input type=\"hidden\" name=\"_wpcf7_container_post\" value=\"0\" \/><br \/>\n<input type=\"hidden\" name=\"_wpcf7_posted_data_hash\" value=\"\" \/>\n<\/div>\n<p><label> Nom complet<br \/>\n<span class=\"wpcf7-form-control-wrap\" data-name=\"your-name\"><input size=\"40\" class=\"wpcf7-form-control wpcf7-text wpcf7-validates-as-required\" aria-required=\"true\" aria-invalid=\"false\" placeholder=\"John Doe\" value=\"\" type=\"text\" name=\"your-name\" \/><\/span> <\/label>\n<\/p>\n<p><label> Email<br \/>\n<span class=\"wpcf7-form-control-wrap\" data-name=\"your-email\"><input size=\"40\" class=\"wpcf7-form-control wpcf7-email wpcf7-validates-as-required wpcf7-text wpcf7-validates-as-email\" aria-required=\"true\" aria-invalid=\"false\" placeholder=\"sample@domaine.com\" value=\"\" type=\"email\" name=\"your-email\" \/><\/span> <\/label>\n<\/p>\n<p><label> Num\u00e9ro T\u00e9l<br \/>\n<span class=\"wpcf7-form-control-wrap\" data-name=\"tel-729\"><input size=\"40\" class=\"wpcf7-form-control wpcf7-tel wpcf7-validates-as-required wpcf7-text wpcf7-validates-as-tel\" aria-required=\"true\" aria-invalid=\"false\" placeholder=\"+66-4353434\" value=\"\" type=\"tel\" name=\"tel-729\" \/><\/span> <\/label>\n<\/p>\n<p><label> Int\u00e9ress\u00e9 par<br \/>\n<span class=\"wpcf7-form-control-wrap\" data-name=\"menu-607\"><select class=\"wpcf7-form-control wpcf7-select\" id=\"interest-trip\" aria-invalid=\"false\" name=\"menu-607\"><option value=\"Djanet\">Djanet<\/option><option value=\"Gharda\u00efa\">Gharda\u00efa<\/option><option value=\"Taghit\">Taghit<\/option><option value=\"Tamanrasset\">Tamanrasset<\/option><option value=\"Timimoun\">Timimoun<\/option><\/select><\/span> <\/label>\n<\/p>\n<p><label> Nombre de personnes<br \/>\n<span class=\"wpcf7-form-control-wrap\" data-name=\"text-237\"><input size=\"40\" class=\"wpcf7-form-control wpcf7-text\" aria-invalid=\"false\" placeholder=\"1 person\" value=\"\" type=\"text\" name=\"text-237\" \/><\/span> <\/label>\n<\/p>\n<p><input class=\"wpcf7-form-control wpcf7-submit has-spinner\" type=\"submit\" value=\"Send Message\" \/>\n<\/p>\n<div class=\"wpcf7-response-output\" aria-hidden=\"true\"><\/div>\n<input type=\"hidden\" name=\"trp-form-language\" value=\"en\"\/><\/form>\n<\/div>\n<\/div>\n<\/div>\n<\/div>\n<\/div>\n<\/div>\n<div  class=\"one withsmallpadding ppb_text\" style=\"text-align:center;padding:0px 0 0px 0;margin-bottom:60px;\" >\n<div class=\"standard_wrapper\">\n<div class=\"page_content_wrapper\">\n<div class=\"inner\">\n<div style=\"margin:auto;width:60%\">\n<h3>Adresse<\/h3>\n<p>Rue Benjamin-Franklin 2, 1201. Gen\u00e8ve<\/p>\n<h3>Restez en contact:  +33 (0) 644 770 954<\/h3>\n<\/p>\n<h3>+41 (0) 792 537 533<\/h3>\n<\/div>\n<\/div>\n<\/div>\n<\/div>\n<\/div>","protected":false},"excerpt":{"rendered":"<p>Merveilles d&#039;Alg\u00e9rie Voyageurs inspir\u00e9s et passionn\u00e9s Nom complet Email Num\u00e9ro T\u00e9l Int\u00e9ress\u00e9 par DjanetGharda\u00efaTaghitTamanrassetTimimoun Nombre de personnes Adresse Rue Benjamin-Franklin 2, 1201. Gen\u00e8ve Restez en contact: +33 (0) 644 770 954 +41 (0) 792 537 533<\/p>","protected":false},"author":1,"featured_media":0,"parent":0,"menu_order":0,"comment_status":"closed","ping_status":"closed","template":"","meta":{"_monsterinsights_skip_tracking":false,"_monsterinsights_sitenote_active":false,"_monsterinsights_sitenote_note":"","_monsterinsights_sitenote_category":0,"footnotes":""},"class_list":["post-3573","page","type-page","status-publish","hentry"],"aioseo_notices":[],"_links":{"self":[{"href":"https:\/\/merveillesdalgerie.com\/en\/wp-json\/wp\/v2\/pages\/3573","targetHints":{"allow":["GET"]}}],"collection":[{"href":"https:\/\/merveillesdalgerie.com\/en\/wp-json\/wp\/v2\/pages"}],"about":[{"href":"https:\/\/merveillesdalgerie.com\/en\/wp-json\/wp\/v2\/types\/page"}],"author":[{"embeddable":true,"href":"https:\/\/merveillesdalgerie.com\/en\/wp-json\/wp\/v2\/users\/1"}],"replies":[{"embeddable":true,"href":"https:\/\/merveillesdalgerie.com\/en\/wp-json\/wp\/v2\/comments?post=3573"}],"version-history":[{"count":6,"href":"https:\/\/merveillesdalgerie.com\/en\/wp-json\/wp\/v2\/pages\/3573\/revisions"}],"predecessor-version":[{"id":4359,"href":"https:\/\/merveillesdalgerie.com\/en\/wp-json\/wp\/v2\/pages\/3573\/revisions\/4359"}],"wp:attachment":[{"href":"https:\/\/merveillesdalgerie.com\/en\/wp-json\/wp\/v2\/media?parent=3573"}],"curies":[{"name":"wp","href":"https:\/\/api.w.org\/{rel}","templated":true}]}}